{"id":192,"date":"2021-03-29T21:18:29","date_gmt":"2021-03-29T21:18:29","guid":{"rendered":"https:\/\/malcom.roussy.net\/?page_id=192"},"modified":"2025-11-15T16:01:44","modified_gmt":"2025-11-15T20:01:44","slug":"contact-auberge-et-le-camping-du-lac-malcom","status":"publish","type":"page","link":"https:\/\/aubergecampinglacmalcom.com\/en\/contact-auberge-et-le-camping-du-lac-malcom\/","title":{"rendered":"Contact"},"content":{"rendered":"<div data-elementor-type=\"wp-page\" data-elementor-id=\"192\" class=\"elementor elementor-192\" data-elementor-post-type=\"page\">\n\t\t\t\t\t\t<section class=\"elementor-section elementor-top-section elementor-element elementor-element-712c3309 elementor-section-boxed elementor-section-height-default elementor-section-height-default\" data-id=\"712c3309\" data-element_type=\"section\" data-e-type=\"section\">\n\t\t\t\t\t\t\t<div class=\"elementor-background-overlay\"><\/div>\n\t\t\t\t\t\t\t<div class=\"elementor-container elementor-column-gap-default\">\n\t\t\t\t\t<div class=\"elementor-column elementor-col-100 elementor-top-column elementor-element elementor-element-7001dd87\" data-id=\"7001dd87\" data-element_type=\"column\" data-e-type=\"column\">\n\t\t\t<div class=\"elementor-widget-wrap elementor-element-populated\">\n\t\t\t\t\t\t<div class=\"elementor-element elementor-element-7eddfc elementor-widget elementor-widget-heading\" data-id=\"7eddfc\" data-element_type=\"widget\" data-e-type=\"widget\" data-widget_type=\"heading.default\">\n\t\t\t\t<div class=\"elementor-widget-container\">\n\t\t\t\t\t<h1 class=\"elementor-heading-title elementor-size-default\">CONTACT US<\/h1>\t\t\t\t<\/div>\n\t\t\t\t<\/div>\n\t\t\t\t\t<\/div>\n\t\t<\/div>\n\t\t\t\t\t<\/div>\n\t\t<\/section>\n\t\t\t\t<section class=\"elementor-section elementor-top-section elementor-element elementor-element-e2c2374 elementor-section-boxed elementor-section-height-default elementor-section-height-default\" data-id=\"e2c2374\" data-element_type=\"section\" data-e-type=\"section\">\n\t\t\t\t\t\t<div class=\"elementor-container elementor-column-gap-default\">\n\t\t\t\t\t<div class=\"elementor-column elementor-col-100 elementor-top-column elementor-element elementor-element-66307f2\" data-id=\"66307f2\" data-element_type=\"column\" data-e-type=\"column\">\n\t\t\t<div class=\"elementor-widget-wrap elementor-element-populated\">\n\t\t\t\t\t\t<div class=\"elementor-element elementor-element-221dc41 elementor-widget elementor-widget-spacer\" data-id=\"221dc41\" data-element_type=\"widget\" data-e-type=\"widget\" data-widget_type=\"spacer.default\">\n\t\t\t\t<div class=\"elementor-widget-container\">\n\t\t\t\t\t\t\t<div class=\"elementor-spacer\">\n\t\t\t<div class=\"elementor-spacer-inner\"><\/div>\n\t\t<\/div>\n\t\t\t\t\t\t<\/div>\n\t\t\t\t<\/div>\n\t\t\t\t\t<\/div>\n\t\t<\/div>\n\t\t\t\t\t<\/div>\n\t\t<\/section>\n\t\t\t\t<section class=\"elementor-section elementor-top-section elementor-element elementor-element-63247c86 elementor-section-full_width elementor-section-content-middle elementor-section-height-default elementor-section-height-default\" data-id=\"63247c86\" data-element_type=\"section\" data-e-type=\"section\">\n\t\t\t\t\t\t<div class=\"elementor-container elementor-column-gap-no\">\n\t\t\t\t\t<div class=\"elementor-column elementor-col-50 elementor-top-column elementor-element elementor-element-9259889\" data-id=\"9259889\" data-element_type=\"column\" data-e-type=\"column\">\n\t\t\t<div class=\"elementor-widget-wrap elementor-element-populated\">\n\t\t\t\t\t\t<div class=\"elementor-element elementor-element-267c8683 elementor-widget elementor-widget-heading\" data-id=\"267c8683\" data-element_type=\"widget\" data-e-type=\"widget\" data-widget_type=\"heading.default\">\n\t\t\t\t<div class=\"elementor-widget-container\">\n\t\t\t\t\t<h2 class=\"elementor-heading-title elementor-size-default\">Auberge Camping du Lac Malcom<\/h2>\t\t\t\t<\/div>\n\t\t\t\t<\/div>\n\t\t\t\t<div class=\"elementor-element elementor-element-4449a7a3 elementor-widget-divider--view-line elementor-widget elementor-widget-divider\" data-id=\"4449a7a3\" data-element_type=\"widget\" data-e-type=\"widget\" data-widget_type=\"divider.default\">\n\t\t\t\t<div class=\"elementor-widget-container\">\n\t\t\t\t\t\t\t<div class=\"elementor-divider\">\n\t\t\t<span class=\"elementor-divider-separator\">\n\t\t\t\t\t\t<\/span>\n\t\t<\/div>\n\t\t\t\t\t\t<\/div>\n\t\t\t\t<\/div>\n\t\t\t\t<div class=\"elementor-element elementor-element-a89d58f elementor-widget elementor-widget-text-editor\" data-id=\"a89d58f\" data-element_type=\"widget\" data-e-type=\"widget\" data-widget_type=\"text-editor.default\">\n\t\t\t\t<div class=\"elementor-widget-container\">\n\t\t\t\t\t\t\t\t\t<p class=\"font_8\">Owners at Lake Malcom for a fourth season already. As camping enthusiasts, we are dedicated to offering you a quality vacation on our beautiful, clean, and well-maintained property, where a friendly atmosphere reigns! Please don't hesitate to contact us with any questions.<\/p><p class=\"font_8\">Carl &amp; Lauranne\u00a0 \u2606\u2606\u2606\u2606\u2606<\/p><p class=\"font_8\"><strong>123 route du Lac Malcom, <\/strong><br \/><strong>Sayabec, QC G0J 3K0<\/strong><\/p><p class=\"font_8\"><strong>Tel: 418-536-3322<\/strong><br \/><strong>Free: 1-866-536-3322<\/strong><\/p><p><strong>Email: <span style=\"text-decoration: underline;\"><a href=\"mailto:lacmalcom@globetrotter.net\" data-auto-recognition=\"true\">lacmalcom@globetrotter.net<\/a><\/span><\/strong><\/p>\t\t\t\t\t\t\t\t<\/div>\n\t\t\t\t<\/div>\n\t\t\t\t\t<\/div>\n\t\t<\/div>\n\t\t\t\t<div class=\"elementor-column elementor-col-50 elementor-top-column elementor-element elementor-element-3d972bc0\" data-id=\"3d972bc0\" data-element_type=\"column\" data-e-type=\"column\">\n\t\t\t<div class=\"elementor-widget-wrap elementor-element-populated\">\n\t\t\t\t\t\t<div class=\"elementor-element elementor-element-37403266 elementor-widget elementor-widget-image\" data-id=\"37403266\" data-element_type=\"widget\" data-e-type=\"widget\" data-widget_type=\"image.default\">\n\t\t\t\t<div class=\"elementor-widget-container\">\n\t\t\t\t\t\t\t\t\t\t\t\t\t\t\t<img fetchpriority=\"high\" decoding=\"async\" width=\"2560\" height=\"1920\" src=\"https:\/\/aubergecampinglacmalcom.com\/wp-content\/uploads\/2022\/04\/terrain-7-bord-de-lac-1-scaled.jpg\" class=\"attachment-full size-full wp-image-1975\" alt=\"\" srcset=\"https:\/\/aubergecampinglacmalcom.com\/wp-content\/uploads\/2022\/04\/terrain-7-bord-de-lac-1-scaled.jpg 2560w, https:\/\/aubergecampinglacmalcom.com\/wp-content\/uploads\/2022\/04\/terrain-7-bord-de-lac-1-300x225.jpg 300w, https:\/\/aubergecampinglacmalcom.com\/wp-content\/uploads\/2022\/04\/terrain-7-bord-de-lac-1-1024x768.jpg 1024w, https:\/\/aubergecampinglacmalcom.com\/wp-content\/uploads\/2022\/04\/terrain-7-bord-de-lac-1-768x576.jpg 768w, https:\/\/aubergecampinglacmalcom.com\/wp-content\/uploads\/2022\/04\/terrain-7-bord-de-lac-1-1536x1152.jpg 1536w, https:\/\/aubergecampinglacmalcom.com\/wp-content\/uploads\/2022\/04\/terrain-7-bord-de-lac-1-2048x1536.jpg 2048w, https:\/\/aubergecampinglacmalcom.com\/wp-content\/uploads\/2022\/04\/terrain-7-bord-de-lac-1-16x12.jpg 16w, https:\/\/aubergecampinglacmalcom.com\/wp-content\/uploads\/2022\/04\/terrain-7-bord-de-lac-1-1320x990.jpg 1320w\" sizes=\"(max-width: 2560px) 100vw, 2560px\" \/>\t\t\t\t\t\t\t\t\t\t\t\t\t\t\t<\/div>\n\t\t\t\t<\/div>\n\t\t\t\t\t<\/div>\n\t\t<\/div>\n\t\t\t\t\t<\/div>\n\t\t<\/section>\n\t\t\t\t<section class=\"elementor-section elementor-top-section elementor-element elementor-element-eafeff4 elementor-section-boxed elementor-section-height-default elementor-section-height-default\" data-id=\"eafeff4\" data-element_type=\"section\" data-e-type=\"section\">\n\t\t\t\t\t\t<div class=\"elementor-container elementor-column-gap-default\">\n\t\t\t\t\t<div class=\"elementor-column elementor-col-100 elementor-top-column elementor-element elementor-element-1287700\" data-id=\"1287700\" data-element_type=\"column\" data-e-type=\"column\">\n\t\t\t<div class=\"elementor-widget-wrap elementor-element-populated\">\n\t\t\t\t\t\t<div class=\"elementor-element elementor-element-3aaa6fc elementor-widget elementor-widget-spacer\" data-id=\"3aaa6fc\" data-element_type=\"widget\" data-e-type=\"widget\" data-widget_type=\"spacer.default\">\n\t\t\t\t<div class=\"elementor-widget-container\">\n\t\t\t\t\t\t\t<div class=\"elementor-spacer\">\n\t\t\t<div class=\"elementor-spacer-inner\"><\/div>\n\t\t<\/div>\n\t\t\t\t\t\t<\/div>\n\t\t\t\t<\/div>\n\t\t\t\t<div class=\"elementor-element elementor-element-d235aa4 elementor-widget elementor-widget-text-editor\" data-id=\"d235aa4\" data-element_type=\"widget\" data-e-type=\"widget\" data-widget_type=\"text-editor.default\">\n\t\t\t\t<div class=\"elementor-widget-container\">\n\t\t\t\t\t\t\t\t\t<h4>Online reservations for the 2026 season will be available starting December 1, 2025!<\/h4>\t\t\t\t\t\t\t\t<\/div>\n\t\t\t\t<\/div>\n\t\t\t\t\t<\/div>\n\t\t<\/div>\n\t\t\t\t\t<\/div>\n\t\t<\/section>\n\t\t\t\t<section class=\"elementor-section elementor-top-section elementor-element elementor-element-a7e8a81 elementor-section-boxed elementor-section-height-default elementor-section-height-default\" data-id=\"a7e8a81\" data-element_type=\"section\" data-e-type=\"section\">\n\t\t\t\t\t\t<div class=\"elementor-container elementor-column-gap-default\">\n\t\t\t\t\t<div class=\"elementor-column elementor-col-100 elementor-top-column elementor-element elementor-element-3b8b78e\" data-id=\"3b8b78e\" data-element_type=\"column\" data-e-type=\"column\">\n\t\t\t<div class=\"elementor-widget-wrap elementor-element-populated\">\n\t\t\t\t\t\t<div class=\"elementor-element elementor-element-09eb85f elementor-widget elementor-widget-heading\" data-id=\"09eb85f\" data-element_type=\"widget\" data-e-type=\"widget\" data-widget_type=\"heading.default\">\n\t\t\t\t<div class=\"elementor-widget-container\">\n\t\t\t\t\t<h2 class=\"elementor-heading-title elementor-size-default\">Here's how to get here!<\/h2>\t\t\t\t<\/div>\n\t\t\t\t<\/div>\n\t\t\t\t\t<\/div>\n\t\t<\/div>\n\t\t\t\t\t<\/div>\n\t\t<\/section>\n\t\t\t\t<section class=\"elementor-section elementor-top-section elementor-element elementor-element-75187bc4 elementor-section-full_width elementor-section-height-default elementor-section-height-default\" data-id=\"75187bc4\" data-element_type=\"section\" data-e-type=\"section\">\n\t\t\t\t\t\t<div class=\"elementor-container elementor-column-gap-no\">\n\t\t\t\t\t<div class=\"elementor-column elementor-col-33 elementor-top-column elementor-element elementor-element-62623402\" data-id=\"62623402\" data-element_type=\"column\" data-e-type=\"column\">\n\t\t\t<div class=\"elementor-widget-wrap elementor-element-populated\">\n\t\t\t\t\t\t<div class=\"elementor-element elementor-element-e93d4e1 ekit-equal-height-enable elementor-widget elementor-widget-elementskit-icon-box\" data-id=\"e93d4e1\" data-element_type=\"widget\" data-e-type=\"widget\" data-widget_type=\"elementskit-icon-box.default\">\n\t\t\t\t<div class=\"elementor-widget-container\">\n\t\t\t\t\t<div class=\"ekit-wid-con\" >        <!-- link opening -->\n                <!-- end link opening -->\n\n        <div class=\"elementskit-infobox text-center text- icon-top-align elementor-animation-\">\n                    <div class=\"elementskit-box-header elementor-animation-\">\n                <div class=\"elementskit-info-box-icon\">\n                    <i aria-hidden=\"true\" class=\"elementkit-infobox-icon icon icon-google-map\"><\/i>\n                <\/div>\n          <\/div>\n                        <div class=\"box-body\">\n                            <h3 class=\"elementskit-info-box-title\">\n                    BY BAIES-DES-SABLES                <\/h3>\n                        \t\t  \t<p>Take Route 297, drive through the village of St-Damase, continue for about 4 km, and turn left onto Route du Lac Malcom.<\/p>\n                                <\/div>\n        \n        \n                <\/div>\n        <\/div>\t\t\t\t<\/div>\n\t\t\t\t<\/div>\n\t\t\t\t\t<\/div>\n\t\t<\/div>\n\t\t\t\t<div class=\"elementor-column elementor-col-33 elementor-top-column elementor-element elementor-element-13a48c7d\" data-id=\"13a48c7d\" data-element_type=\"column\" data-e-type=\"column\">\n\t\t\t<div class=\"elementor-widget-wrap elementor-element-populated\">\n\t\t\t\t\t\t<div class=\"elementor-element elementor-element-5bb57ebd ekit-equal-height-enable elementor-widget elementor-widget-elementskit-icon-box\" data-id=\"5bb57ebd\" data-element_type=\"widget\" data-e-type=\"widget\" data-widget_type=\"elementskit-icon-box.default\">\n\t\t\t\t<div class=\"elementor-widget-container\">\n\t\t\t\t\t<div class=\"ekit-wid-con\" >        <!-- link opening -->\n                <!-- end link opening -->\n\n        <div class=\"elementskit-infobox text-center text- icon-top-align elementor-animation-\">\n                    <div class=\"elementskit-box-header elementor-animation-\">\n                <div class=\"elementskit-info-box-icon\">\n                    <i aria-hidden=\"true\" class=\"elementkit-infobox-icon icon icon-google-map\"><\/i>\n                <\/div>\n          <\/div>\n                        <div class=\"box-body\">\n                            <h3 class=\"elementskit-info-box-title\">\n                    BY MONT-JOLI                <\/h3>\n                        \t\t  \t<p>On Route 132 towards Amqui. 10 km after the village of St-Mo\u00efse, turn left onto Route du Lac Malcom.<\/p>\n                                <\/div>\n        \n        \n                <\/div>\n        <\/div>\t\t\t\t<\/div>\n\t\t\t\t<\/div>\n\t\t\t\t\t<\/div>\n\t\t<\/div>\n\t\t\t\t<div class=\"elementor-column elementor-col-33 elementor-top-column elementor-element elementor-element-5e8d4fe0\" data-id=\"5e8d4fe0\" data-element_type=\"column\" data-e-type=\"column\">\n\t\t\t<div class=\"elementor-widget-wrap elementor-element-populated\">\n\t\t\t\t\t\t<div class=\"elementor-element elementor-element-70113c56 ekit-equal-height-enable elementor-widget elementor-widget-elementskit-icon-box\" data-id=\"70113c56\" data-element_type=\"widget\" data-e-type=\"widget\" data-widget_type=\"elementskit-icon-box.default\">\n\t\t\t\t<div class=\"elementor-widget-container\">\n\t\t\t\t\t<div class=\"ekit-wid-con\" >        <!-- link opening -->\n                <!-- end link opening -->\n\n        <div class=\"elementskit-infobox text-center text- icon-top-align elementor-animation-\">\n                    <div class=\"elementskit-box-header elementor-animation-\">\n                <div class=\"elementskit-info-box-icon\">\n                    <i aria-hidden=\"true\" class=\"elementkit-infobox-icon icon icon-google-map\"><\/i>\n                <\/div>\n          <\/div>\n                        <div class=\"box-body\">\n                            <h3 class=\"elementskit-info-box-title\">\n                    BY AMQUI                <\/h3>\n                        \t\t  \t<p> \n\nGo through the village of Sayabec. At the village exit, turn right on the road to Lac Malcom.<\/p>\n                                <\/div>\n        \n        \n                <\/div>\n        <\/div>\t\t\t\t<\/div>\n\t\t\t\t<\/div>\n\t\t\t\t\t<\/div>\n\t\t<\/div>\n\t\t\t\t\t<\/div>\n\t\t<\/section>\n\t\t\t\t<section class=\"elementor-section elementor-top-section elementor-element elementor-element-3067e262 elementor-section-full_width elementor-section-height-default elementor-section-height-default\" data-id=\"3067e262\" data-element_type=\"section\" data-e-type=\"section\">\n\t\t\t\t\t\t<div class=\"elementor-container elementor-column-gap-no\">\n\t\t\t\t\t<div class=\"elementor-column elementor-col-100 elementor-top-column elementor-element elementor-element-4e98c930\" data-id=\"4e98c930\" data-element_type=\"column\" data-e-type=\"column\">\n\t\t\t<div class=\"elementor-widget-wrap elementor-element-populated\">\n\t\t\t\t\t\t<div class=\"elementor-element elementor-element-16df8227 elementor-widget elementor-widget-google_maps\" data-id=\"16df8227\" data-element_type=\"widget\" data-e-type=\"widget\" data-widget_type=\"google_maps.default\">\n\t\t\t\t<div class=\"elementor-widget-container\">\n\t\t\t\t\t\t\t<div class=\"elementor-custom-embed\">\n\t\t\t<iframe loading=\"lazy\"\n\t\t\t\t\tsrc=\"https:\/\/maps.google.com\/maps?q=123%2C%20route%20Lac%20Malcom%2C%20Sayabec%20G0J%203K0&#038;t=m&#038;z=16&#038;output=embed&#038;iwloc=near\"\n\t\t\t\t\ttitle=\"123, route Lac Malcom, Sayabec G0J 3K0\"\n\t\t\t\t\taria-label=\"123, route Lac Malcom, Sayabec G0J 3K0\"\n\t\t\t><\/iframe>\n\t\t<\/div>\n\t\t\t\t\t\t<\/div>\n\t\t\t\t<\/div>\n\t\t\t\t\t<\/div>\n\t\t<\/div>\n\t\t\t\t\t<\/div>\n\t\t<\/section>\n\t\t\t\t<\/div>","protected":false},"excerpt":{"rendered":"<p>CONTACTEZ-NOUS Auberge Camping du Lac Malcom Propri\u00e9taires au Lac Malcom pour une 4e saison d\u00e9j\u00e0. Adepte du camping, nous sommes d\u00e9vou\u00e9 \u00e0 vous offrir des vacances de qualit\u00e9 sur notre magnifique domaine propre et entretenu, o\u00f9 r\u00e8gne une ambiance conviviale! N&rsquo;h\u00e9sitez pas \u00e0 nous contacter pour quelconque demande. Carl &amp; Lauranne\u00a0 \u2606\u2606\u2606\u2606\u2606 123 route du [&hellip;]<\/p>\n","protected":false},"author":1,"featured_media":0,"parent":0,"menu_order":0,"comment_status":"closed","ping_status":"closed","template":"elementor_header_footer","meta":{"footnotes":""},"class_list":["post-192","page","type-page","status-publish","hentry"],"_links":{"self":[{"href":"https:\/\/aubergecampinglacmalcom.com\/en\/wp-json\/wp\/v2\/pages\/192","targetHints":{"allow":["GET"]}}],"collection":[{"href":"https:\/\/aubergecampinglacmalcom.com\/en\/wp-json\/wp\/v2\/pages"}],"about":[{"href":"https:\/\/aubergecampinglacmalcom.com\/en\/wp-json\/wp\/v2\/types\/page"}],"author":[{"embeddable":true,"href":"https:\/\/aubergecampinglacmalcom.com\/en\/wp-json\/wp\/v2\/users\/1"}],"replies":[{"embeddable":true,"href":"https:\/\/aubergecampinglacmalcom.com\/en\/wp-json\/wp\/v2\/comments?post=192"}],"version-history":[{"count":116,"href":"https:\/\/aubergecampinglacmalcom.com\/en\/wp-json\/wp\/v2\/pages\/192\/revisions"}],"predecessor-version":[{"id":5075,"href":"https:\/\/aubergecampinglacmalcom.com\/en\/wp-json\/wp\/v2\/pages\/192\/revisions\/5075"}],"wp:attachment":[{"href":"https:\/\/aubergecampinglacmalcom.com\/en\/wp-json\/wp\/v2\/media?parent=192"}],"curies":[{"name":"wp","href":"https:\/\/api.w.org\/{rel}","templated":true}]}}